{"id":17,"date":"2021-10-23T21:58:41","date_gmt":"2021-10-23T21:58:41","guid":{"rendered":"https:\/\/lpdesign.com.br\/site\/?page_id=17"},"modified":"2024-09-18T20:15:50","modified_gmt":"2024-09-18T23:15:50","slug":"home","status":"publish","type":"page","link":"https:\/\/lpdesign.com.br\/site\/","title":{"rendered":"In\u00edcio"},"content":{"rendered":"<div id=\"myCarousel\" class=\"carousel slide\" data-ride=\"carousel\">\n<div class=\"carousel-inner\">\n<div class=\"carousel-item active\"><img decoding=\"async\" class=\"img-responsive\" src=\"https:\/\/lpdesign.com.br\/site\/wp-content\/themes\/enigma\/\/starter-content\/img\/slider-1.jpg\" alt=\"slide-1\" \/><\/p>\n<div class=\"container\">\n<div class=\"carousel-caption\">\n<div class=\"carousel-text\">\n<h1 class=\"animated\">Bem-vindo \u00e0 LP Design<\/h1>\n<\/div>\n<\/div>\n<\/div>\n<\/div>\n<div class=\"carousel-item\"><img decoding=\"async\" class=\"img-responsive\" src=\"https:\/\/lpdesign.com.br\/site\/wp-content\/themes\/enigma\/\/starter-content\/img\/slider-2.jpg\" alt=\"slide-2\" \/><\/p>\n<div class=\"container\">\n<div class=\"carousel-caption\">\n<div class=\"carousel-text\">\n<h1 class=\"animated\">Web sites, sistemas personalizados e web host<\/h1>\n<\/div>\n<\/div>\n<\/div>\n<\/div>\n<\/div>\n<\/div>\n<p><!-- \/Service section --><\/p>\n<div class=\"enigma_service\">\n<div class=\"container\">\n<div class=\"row\">\n<div class=\"col-sm-12\">\n<div class=\"enigma_heading_title\">\n<h3>O que fazemos<\/h3>\n<\/div>\n<\/div>\n<\/div>\n<\/div>\n<div class=\"container\">\n<div id=\"isotope-service-container\" class=\"row isotope\">\n<div class=\" col-md-4 service\">\n<div class=\"enigma_service_area appear-animation bounceIn appear-animation-visible\">\n<div class=\"enigma_service_detail media-body\">\n<h3 class=\"head\">Web sites<\/h3>\n<p>Web Sites profissionais, exclusivos, personalizados e responsivos para sua empresa.<\/p>\n<\/div>\n<\/div>\n<\/div>\n<div class=\" col-md-4 service\">\n<div class=\"enigma_service_area appear-animation bounceIn appear-animation-visible\">\n<div class=\"enigma_service_detail media-body\">\n<h3 class=\"head\">Sistemas<\/h3>\n<p>Oferta ativa e Pagadoria, Telemarketing,\u00a0 IQF &#8211; \u00cdndice de Qualifica\u00e7\u00e3o do Fornecedor, etc.<\/p>\n<\/div>\n<\/div>\n<\/div>\n<div class=\" col-md-4 service\">\n<div class=\"enigma_service_area appear-animation bounceIn appear-animation-visible\">\n<div class=\"enigma_service_detail media-body\">\n<h3 class=\"head\">Marketing digital<\/h3>\n<p>Fazemos an\u00fancios otimizados para o teu neg\u00f3cio vender mais no Facebook e Instagram.<\/p>\n<\/div>\n<\/div>\n<\/div>\n<\/div>\n<\/div>\n<\/div>\n<p><!-- \/Service section --><br \/>\n<!-- portfolio section --><\/p>\n<div class=\"enigma_project_section\">\n<div class=\"container\">\n<div class=\"row\">\n<div class=\"col-sm-12\">\n<div class=\"enigma_heading_title\">\n<h3>\u00daltimo sites<\/h3>\n<\/div>\n<\/div>\n<\/div>\n<\/div>\n<div class=\"container\">\n<div class=\"row\">\n<div id=\"enigma_portfolio_section\" class=\"enima_photo_gallery\">\n<div class=\"col-lg-3 col-md-3 col-sm-6 pull-left scrollimation fade-right d1\">\n<div class=\"img-wrapper\">\n<div class=\"enigma_home_portfolio_showcase\"><a href=\"https:\/\/candidoprojetos.com.br\/site\/\" target=\"_blank\" rel=\"noopener\"><img loading=\"lazy\" decoding=\"async\" class=\"alignnone wp-image-71 size-medium\" src=\"https:\/\/lpdesign.com.br\/site\/wp-content\/uploads\/2021\/10\/cd-300x136.png\" alt=\"\" width=\"300\" height=\"136\" srcset=\"https:\/\/lpdesign.com.br\/site\/wp-content\/uploads\/2021\/10\/cd-300x136.png 300w, https:\/\/lpdesign.com.br\/site\/wp-content\/uploads\/2021\/10\/cd-1024x465.png 1024w, https:\/\/lpdesign.com.br\/site\/wp-content\/uploads\/2021\/10\/cd-768x349.png 768w, https:\/\/lpdesign.com.br\/site\/wp-content\/uploads\/2021\/10\/cd.png 1366w\" sizes=\"auto, (max-width: 300px) 100vw, 300px\" \/><\/a><\/p>\n<div class=\"enigma_home_portfolio_showcase_overlay\">\n<div class=\"enigma_home_portfolio_showcase_overlay_inner \"><\/div>\n<\/div>\n<\/div>\n<div class=\"enigma_home_portfolio_caption\">\n<h3 class=\"port\"><a style=\"font-size: 16px;\" href=\"https:\/\/candidoprojetos.com.br\/site\/\" target=\"_blank\" rel=\"noopener\">C\u00e2ndido Projetos<\/a><\/h3>\n<\/div>\n<\/div>\n<div class=\"enigma_portfolio_shadow\"><\/div>\n<\/div>\n<div class=\"col-lg-3 col-md-3 col-sm-6 pull-left scrollimation fade-right d1\">\n<div class=\"img-wrapper\">\n<div class=\"enigma_home_portfolio_showcase\"><a href=\"https:\/\/lffcontabilidade.com.br\/site\/\" target=\"_blank\" rel=\"noopener\"><img loading=\"lazy\" decoding=\"async\" class=\"alignnone wp-image-73 size-medium\" src=\"https:\/\/lpdesign.com.br\/site\/wp-content\/uploads\/2021\/10\/lff-1-300x136.png\" alt=\"\" width=\"300\" height=\"136\" srcset=\"https:\/\/lpdesign.com.br\/site\/wp-content\/uploads\/2021\/10\/lff-1-300x136.png 300w, https:\/\/lpdesign.com.br\/site\/wp-content\/uploads\/2021\/10\/lff-1-1024x465.png 1024w, https:\/\/lpdesign.com.br\/site\/wp-content\/uploads\/2021\/10\/lff-1-768x349.png 768w, https:\/\/lpdesign.com.br\/site\/wp-content\/uploads\/2021\/10\/lff-1.png 1366w\" sizes=\"auto, (max-width: 300px) 100vw, 300px\" \/><\/a><\/p>\n<div class=\"enigma_home_portfolio_showcase_overlay\">\n<div class=\"enigma_home_portfolio_showcase_overlay_inner \"><\/div>\n<\/div>\n<\/div>\n<div class=\"enigma_home_portfolio_caption\">\n<h3 class=\"port\"><a style=\"font-size: 16px;\" href=\"https:\/\/lffcontabilidade.com.br\/site\/\" target=\"_blank\" rel=\"noopener\">LFF Contabilidade<\/a><\/h3>\n<\/div>\n<\/div>\n<div class=\"enigma_portfolio_shadow\"><\/div>\n<\/div>\n<div class=\"col-lg-3 col-md-3 col-sm-6 pull-left scrollimation fade-right d1\">\n<div class=\"img-wrapper\">\n<div class=\"enigma_home_portfolio_showcase\"><a href=\"https:\/\/armsinter.com.br\/site\/\" target=\"_blank\" rel=\"noopener\"><img loading=\"lazy\" decoding=\"async\" class=\"alignnone wp-image-349 size-full\" src=\"https:\/\/lpdesign.com.br\/site\/wp-content\/uploads\/2022\/02\/arm-sinter-site.png\" alt=\"\" width=\"300\" height=\"136\" \/><\/a><\/p>\n<div class=\"enigma_home_portfolio_showcase_overlay\">\n<div class=\"enigma_home_portfolio_showcase_overlay_inner \"><\/div>\n<\/div>\n<\/div>\n<div class=\"enigma_home_portfolio_caption\">\n<h3 class=\"port\"><a style=\"font-size: 16px;\" href=\"https:\/\/armsinter.com.br\/site\/\" target=\"_blank\" rel=\"noopener\">Arm Sinter<\/a><\/h3>\n<\/div>\n<\/div>\n<div class=\"enigma_portfolio_shadow\"><\/div>\n<\/div>\n<div class=\"col-lg-3 col-md-3 col-sm-6 pull-left scrollimation fade-right d1\">\n<div class=\"img-wrapper\">\n<div class=\"enigma_home_portfolio_showcase\"><a href=\"https:\/\/z4urbanizadora.com.br\/site\/\" target=\"_blank\" rel=\"noopener\"><img loading=\"lazy\" decoding=\"async\" class=\"alignnone wp-image-76 size-medium\" src=\"https:\/\/lpdesign.com.br\/site\/wp-content\/uploads\/2021\/10\/z4-300x136.png\" alt=\"\" width=\"300\" height=\"136\" srcset=\"https:\/\/lpdesign.com.br\/site\/wp-content\/uploads\/2021\/10\/z4-300x136.png 300w, https:\/\/lpdesign.com.br\/site\/wp-content\/uploads\/2021\/10\/z4-1024x465.png 1024w, https:\/\/lpdesign.com.br\/site\/wp-content\/uploads\/2021\/10\/z4-768x349.png 768w, https:\/\/lpdesign.com.br\/site\/wp-content\/uploads\/2021\/10\/z4.png 1366w\" sizes=\"auto, (max-width: 300px) 100vw, 300px\" \/><\/a><\/p>\n<div class=\"enigma_home_portfolio_showcase_overlay\">\n<div class=\"enigma_home_portfolio_showcase_overlay_inner \"><\/div>\n<\/div>\n<\/div>\n<div class=\"enigma_home_portfolio_caption\">\n<h3 class=\"port\"><a style=\"font-size: 16px;\" href=\"https:\/\/z4urbanizadora.com.br\/site\/\" target=\"_blank\" rel=\"noopener\">Z4 Urbanizadora<\/a><\/h3>\n<\/div>\n<\/div>\n<div class=\"enigma_portfolio_shadow\"><\/div>\n<\/div>\n<\/div>\n<\/div>\n<\/div>\n<\/div>\n","protected":false},"excerpt":{"rendered":"<p>Bem-vindo \u00e0 LP Design Web sites, sistemas personalizados e web host O que fazemos Web sites Web Sites profissionais, exclusivos, personalizados e responsivos para sua empresa. Sistemas Oferta ativa e Pagadoria, Telemarketing,\u00a0 IQF &#8211; \u00cdndice de Qualifica\u00e7\u00e3o do Fornecedor, etc. Marketing digital Fazemos an\u00fancios otimizados para o teu neg\u00f3cio vender mais no Facebook e Instagram.&hellip;<\/p>\n","protected":false},"author":1,"featured_media":0,"parent":0,"menu_order":0,"comment_status":"closed","ping_status":"closed","template":"","meta":{"om_disable_all_campaigns":false,"_monsterinsights_skip_tracking":false,"_monsterinsights_sitenote_active":false,"_monsterinsights_sitenote_note":"","_monsterinsights_sitenote_category":0,"footnotes":""},"class_list":["post-17","page","type-page","status-publish","hentry"],"aioseo_notices":[],"yoast_head":"<!-- This site is optimized with the Yoast SEO plugin v27.5 - https:\/\/yoast.com\/product\/yoast-seo-wordpress\/ -->\n<title>In\u00edcio - LP Design<\/title>\n<meta name=\"robots\" content=\"index, follow, max-snippet:-1, max-image-preview:large, max-video-preview:-1\" \/>\n<link rel=\"canonical\" href=\"https:\/\/lpdesign.com.br\/site\/\" \/>\n<meta property=\"og:locale\" content=\"pt_BR\" \/>\n<meta property=\"og:type\" content=\"article\" \/>\n<meta property=\"og:title\" content=\"In\u00edcio - LP Design\" \/>\n<meta property=\"og:description\" content=\"Bem-vindo \u00e0 LP Design Web sites, sistemas personalizados e web host O que fazemos Web sites Web Sites profissionais, exclusivos, personalizados e responsivos para sua empresa. Sistemas Oferta ativa e Pagadoria, Telemarketing,\u00a0 IQF &#8211; \u00cdndice de Qualifica\u00e7\u00e3o do Fornecedor, etc. Marketing digital Fazemos an\u00fancios otimizados para o teu neg\u00f3cio vender mais no Facebook e Instagram.&hellip;\" \/>\n<meta property=\"og:url\" content=\"https:\/\/lpdesign.com.br\/site\/\" \/>\n<meta property=\"og:site_name\" content=\"LP Design\" \/>\n<meta property=\"article:publisher\" content=\"https:\/\/www.facebook.com\/LP.Design.com.br\" \/>\n<meta property=\"article:modified_time\" content=\"2024-09-18T23:15:50+00:00\" \/>\n<meta property=\"og:image\" content=\"https:\/\/lpdesign.com.br\/site\/wp-content\/themes\/enigma\/\/starter-content\/img\/slider-1.jpg\" \/>\n<meta name=\"twitter:card\" content=\"summary_large_image\" \/>\n<meta name=\"twitter:label1\" content=\"Est. tempo de leitura\" \/>\n\t<meta name=\"twitter:data1\" content=\"2 minutos\" \/>\n<script type=\"application\/ld+json\" class=\"yoast-schema-graph\">{\"@context\":\"https:\\\/\\\/schema.org\",\"@graph\":[{\"@type\":\"WebPage\",\"@id\":\"https:\\\/\\\/lpdesign.com.br\\\/site\\\/\",\"url\":\"https:\\\/\\\/lpdesign.com.br\\\/site\\\/\",\"name\":\"In\u00edcio - LP Design\",\"isPartOf\":{\"@id\":\"https:\\\/\\\/lpdesign.com.br\\\/site\\\/#website\"},\"primaryImageOfPage\":{\"@id\":\"https:\\\/\\\/lpdesign.com.br\\\/site\\\/#primaryimage\"},\"image\":{\"@id\":\"https:\\\/\\\/lpdesign.com.br\\\/site\\\/#primaryimage\"},\"thumbnailUrl\":\"https:\\\/\\\/lpdesign.com.br\\\/site\\\/wp-content\\\/themes\\\/enigma\\\/\\\/starter-content\\\/img\\\/slider-1.jpg\",\"datePublished\":\"2021-10-23T21:58:41+00:00\",\"dateModified\":\"2024-09-18T23:15:50+00:00\",\"breadcrumb\":{\"@id\":\"https:\\\/\\\/lpdesign.com.br\\\/site\\\/#breadcrumb\"},\"inLanguage\":\"pt-BR\",\"potentialAction\":[{\"@type\":\"ReadAction\",\"target\":[\"https:\\\/\\\/lpdesign.com.br\\\/site\\\/\"]}]},{\"@type\":\"ImageObject\",\"inLanguage\":\"pt-BR\",\"@id\":\"https:\\\/\\\/lpdesign.com.br\\\/site\\\/#primaryimage\",\"url\":\"https:\\\/\\\/lpdesign.com.br\\\/site\\\/wp-content\\\/themes\\\/enigma\\\/\\\/starter-content\\\/img\\\/slider-1.jpg\",\"contentUrl\":\"https:\\\/\\\/lpdesign.com.br\\\/site\\\/wp-content\\\/themes\\\/enigma\\\/\\\/starter-content\\\/img\\\/slider-1.jpg\"},{\"@type\":\"BreadcrumbList\",\"@id\":\"https:\\\/\\\/lpdesign.com.br\\\/site\\\/#breadcrumb\",\"itemListElement\":[{\"@type\":\"ListItem\",\"position\":1,\"name\":\"In\u00edcio\",\"item\":\"https:\\\/\\\/lpdesign.com.br\\\/site\\\/\"},{\"@type\":\"ListItem\",\"position\":2,\"name\":\"In\u00edcio\"}]},{\"@type\":\"WebSite\",\"@id\":\"https:\\\/\\\/lpdesign.com.br\\\/site\\\/#website\",\"url\":\"https:\\\/\\\/lpdesign.com.br\\\/site\\\/\",\"name\":\"LP Design\",\"description\":\"Desenvolvimento Web\",\"publisher\":{\"@id\":\"https:\\\/\\\/lpdesign.com.br\\\/site\\\/#organization\"},\"potentialAction\":[{\"@type\":\"SearchAction\",\"target\":{\"@type\":\"EntryPoint\",\"urlTemplate\":\"https:\\\/\\\/lpdesign.com.br\\\/site\\\/?s={search_term_string}\"},\"query-input\":{\"@type\":\"PropertyValueSpecification\",\"valueRequired\":true,\"valueName\":\"search_term_string\"}}],\"inLanguage\":\"pt-BR\"},{\"@type\":\"Organization\",\"@id\":\"https:\\\/\\\/lpdesign.com.br\\\/site\\\/#organization\",\"name\":\"LP Design\",\"url\":\"https:\\\/\\\/lpdesign.com.br\\\/site\\\/\",\"logo\":{\"@type\":\"ImageObject\",\"inLanguage\":\"pt-BR\",\"@id\":\"https:\\\/\\\/lpdesign.com.br\\\/site\\\/#\\\/schema\\\/logo\\\/image\\\/\",\"url\":\"https:\\\/\\\/lpdesign.com.br\\\/site\\\/wp-content\\\/uploads\\\/2021\\\/10\\\/cropped-3-logo-lpd-2021-1.png\",\"contentUrl\":\"https:\\\/\\\/lpdesign.com.br\\\/site\\\/wp-content\\\/uploads\\\/2021\\\/10\\\/cropped-3-logo-lpd-2021-1.png\",\"width\":512,\"height\":512,\"caption\":\"LP Design\"},\"image\":{\"@id\":\"https:\\\/\\\/lpdesign.com.br\\\/site\\\/#\\\/schema\\\/logo\\\/image\\\/\"},\"sameAs\":[\"https:\\\/\\\/www.facebook.com\\\/LP.Design.com.br\",\"https:\\\/\\\/www.instagram.com\\\/laurelpereiraborges\\\/\"]}]}<\/script>\n<!-- \/ Yoast SEO plugin. -->","yoast_head_json":{"title":"In\u00edcio - LP Design","robots":{"index":"index","follow":"follow","max-snippet":"max-snippet:-1","max-image-preview":"max-image-preview:large","max-video-preview":"max-video-preview:-1"},"canonical":"https:\/\/lpdesign.com.br\/site\/","og_locale":"pt_BR","og_type":"article","og_title":"In\u00edcio - LP Design","og_description":"Bem-vindo \u00e0 LP Design Web sites, sistemas personalizados e web host O que fazemos Web sites Web Sites profissionais, exclusivos, personalizados e responsivos para sua empresa. Sistemas Oferta ativa e Pagadoria, Telemarketing,\u00a0 IQF &#8211; \u00cdndice de Qualifica\u00e7\u00e3o do Fornecedor, etc. Marketing digital Fazemos an\u00fancios otimizados para o teu neg\u00f3cio vender mais no Facebook e Instagram.&hellip;","og_url":"https:\/\/lpdesign.com.br\/site\/","og_site_name":"LP Design","article_publisher":"https:\/\/www.facebook.com\/LP.Design.com.br","article_modified_time":"2024-09-18T23:15:50+00:00","og_image":[{"url":"https:\/\/lpdesign.com.br\/site\/wp-content\/themes\/enigma\/\/starter-content\/img\/slider-1.jpg","type":"","width":"","height":""}],"twitter_card":"summary_large_image","twitter_misc":{"Est. tempo de leitura":"2 minutos"},"schema":{"@context":"https:\/\/schema.org","@graph":[{"@type":"WebPage","@id":"https:\/\/lpdesign.com.br\/site\/","url":"https:\/\/lpdesign.com.br\/site\/","name":"In\u00edcio - LP Design","isPartOf":{"@id":"https:\/\/lpdesign.com.br\/site\/#website"},"primaryImageOfPage":{"@id":"https:\/\/lpdesign.com.br\/site\/#primaryimage"},"image":{"@id":"https:\/\/lpdesign.com.br\/site\/#primaryimage"},"thumbnailUrl":"https:\/\/lpdesign.com.br\/site\/wp-content\/themes\/enigma\/\/starter-content\/img\/slider-1.jpg","datePublished":"2021-10-23T21:58:41+00:00","dateModified":"2024-09-18T23:15:50+00:00","breadcrumb":{"@id":"https:\/\/lpdesign.com.br\/site\/#breadcrumb"},"inLanguage":"pt-BR","potentialAction":[{"@type":"ReadAction","target":["https:\/\/lpdesign.com.br\/site\/"]}]},{"@type":"ImageObject","inLanguage":"pt-BR","@id":"https:\/\/lpdesign.com.br\/site\/#primaryimage","url":"https:\/\/lpdesign.com.br\/site\/wp-content\/themes\/enigma\/\/starter-content\/img\/slider-1.jpg","contentUrl":"https:\/\/lpdesign.com.br\/site\/wp-content\/themes\/enigma\/\/starter-content\/img\/slider-1.jpg"},{"@type":"BreadcrumbList","@id":"https:\/\/lpdesign.com.br\/site\/#breadcrumb","itemListElement":[{"@type":"ListItem","position":1,"name":"In\u00edcio","item":"https:\/\/lpdesign.com.br\/site\/"},{"@type":"ListItem","position":2,"name":"In\u00edcio"}]},{"@type":"WebSite","@id":"https:\/\/lpdesign.com.br\/site\/#website","url":"https:\/\/lpdesign.com.br\/site\/","name":"LP Design","description":"Desenvolvimento Web","publisher":{"@id":"https:\/\/lpdesign.com.br\/site\/#organization"},"potentialAction":[{"@type":"SearchAction","target":{"@type":"EntryPoint","urlTemplate":"https:\/\/lpdesign.com.br\/site\/?s={search_term_string}"},"query-input":{"@type":"PropertyValueSpecification","valueRequired":true,"valueName":"search_term_string"}}],"inLanguage":"pt-BR"},{"@type":"Organization","@id":"https:\/\/lpdesign.com.br\/site\/#organization","name":"LP Design","url":"https:\/\/lpdesign.com.br\/site\/","logo":{"@type":"ImageObject","inLanguage":"pt-BR","@id":"https:\/\/lpdesign.com.br\/site\/#\/schema\/logo\/image\/","url":"https:\/\/lpdesign.com.br\/site\/wp-content\/uploads\/2021\/10\/cropped-3-logo-lpd-2021-1.png","contentUrl":"https:\/\/lpdesign.com.br\/site\/wp-content\/uploads\/2021\/10\/cropped-3-logo-lpd-2021-1.png","width":512,"height":512,"caption":"LP Design"},"image":{"@id":"https:\/\/lpdesign.com.br\/site\/#\/schema\/logo\/image\/"},"sameAs":["https:\/\/www.facebook.com\/LP.Design.com.br","https:\/\/www.instagram.com\/laurelpereiraborges\/"]}]}},"_links":{"self":[{"href":"https:\/\/lpdesign.com.br\/site\/wp-json\/wp\/v2\/pages\/17","targetHints":{"allow":["GET"]}}],"collection":[{"href":"https:\/\/lpdesign.com.br\/site\/wp-json\/wp\/v2\/pages"}],"about":[{"href":"https:\/\/lpdesign.com.br\/site\/wp-json\/wp\/v2\/types\/page"}],"author":[{"embeddable":true,"href":"https:\/\/lpdesign.com.br\/site\/wp-json\/wp\/v2\/users\/1"}],"replies":[{"embeddable":true,"href":"https:\/\/lpdesign.com.br\/site\/wp-json\/wp\/v2\/comments?post=17"}],"version-history":[{"count":64,"href":"https:\/\/lpdesign.com.br\/site\/wp-json\/wp\/v2\/pages\/17\/revisions"}],"predecessor-version":[{"id":667,"href":"https:\/\/lpdesign.com.br\/site\/wp-json\/wp\/v2\/pages\/17\/revisions\/667"}],"wp:attachment":[{"href":"https:\/\/lpdesign.com.br\/site\/wp-json\/wp\/v2\/media?parent=17"}],"curies":[{"name":"wp","href":"https:\/\/api.w.org\/{rel}","templated":true}]}}